{"id":343,"date":"2019-07-09T11:06:06","date_gmt":"2019-07-09T09:06:06","guid":{"rendered":"https:\/\/curamus-cancer.fr\/presentation-du-siric-curamus\/"},"modified":"2020-05-10T13:53:46","modified_gmt":"2020-05-10T11:53:46","slug":"siric-curamus-presentation","status":"publish","type":"page","link":"https:\/\/curamus-cancer.fr\/en\/siric-curamus-presentation\/","title":{"rendered":"SiRIC Curamus presentation"},"content":{"rendered":"<p><strong>&#8220;CURAMUS&#8221;, from the Latin &#8220;we take care&#8221;, is a site for integrated cancer research (SiRIC) labeled in 2018 by the National Cancer Institute (INCa) and supported by the AP-HP Hospital Group &#8211; SORBONNE UNIVERSITE (Piti\u00e9 Salp\u00eatri\u00e8re), Saint Antoine, Tenon, Trousseau, Rothschild, Charles Foix, La Roche Guyon) and by Sorbonne University under the umbrella of the Institut Universitaire de Canc\u00e9rologie (IUC), in association with their institutional partners, INSERM and CNRS.<\/strong><\/p>\n<p>&nbsp;<\/p>\n<p>SIRIC CURAMUS&#8217; integrated research project is based on three programmes, supported transversally by the Medical Humanities:<\/p>\n<ul>\n<li>neuro-oncology<\/li>\n<li>rare immuno-hematological cancers<\/li>\n<li>cancers with microsatellite instability<\/li>\n<\/ul>\n<p>&nbsp;<\/p>\n<blockquote><p>Our ambition is to improve patient care and monitoring through the development of innovations in health, education and research as well as information and training for patients, the general public and professionals.<\/p><\/blockquote>\n<p>&nbsp;<\/p>\n<p><img decoding=\"async\" class=\"alignleft wp-image-192 size-full lazyload\" data-src=\"https:\/\/curamus-cancer.fr\/wp-content\/uploads\/2019\/07\/Diapositive10.jpg\" alt=\"\" width=\"1200\" height=\"623\" data-srcset=\"https:\/\/curamus-cancer.fr\/wp-content\/uploads\/2019\/07\/Diapositive10.jpg 1200w, https:\/\/curamus-cancer.fr\/wp-content\/uploads\/2019\/07\/Diapositive10-300x156.jpg 300w, https:\/\/curamus-cancer.fr\/wp-content\/uploads\/2019\/07\/Diapositive10-768x399.jpg 768w, https:\/\/curamus-cancer.fr\/wp-content\/uploads\/2019\/07\/Diapositive10-1024x532.jpg 1024w\" data-sizes=\"(max-width: 1200px) 100vw, 1200px\" src=\"data:image\/svg+xml;base64,PHN2ZyB3aWR0aD0iMSIgaGVpZ2h0PSIxIiB4bWxucz0iaHR0cDovL3d3dy53My5vcmcvMjAwMC9zdmciPjwvc3ZnPg==\" style=\"--smush-placeholder-width: 1200px; --smush-placeholder-aspect-ratio: 1200\/623;\" \/><\/p>\n<h1>key data<\/h1>\n<p>AP-HP &#8211; SORBONNE UNIVERSITY welcomes nearly a third of AP-HP cancer patients with more than 16,000 patients including 10,000 new cases per year, concerning all ages and all types of cancers.<\/p>\n<p><img decoding=\"async\" class=\"wp-image-180 size-medium alignright lazyload\" data-src=\"https:\/\/curamus-cancer.fr\/wp-content\/uploads\/2019\/07\/Group-22-300x221.jpg\" alt=\"\" width=\"300\" height=\"221\" data-srcset=\"https:\/\/curamus-cancer.fr\/wp-content\/uploads\/2019\/07\/Group-22-300x221.jpg 300w, https:\/\/curamus-cancer.fr\/wp-content\/uploads\/2019\/07\/Group-22-768x566.jpg 768w, https:\/\/curamus-cancer.fr\/wp-content\/uploads\/2019\/07\/Group-22.jpg 930w\" data-sizes=\"(max-width: 300px) 100vw, 300px\" src=\"data:image\/svg+xml;base64,PHN2ZyB3aWR0aD0iMSIgaGVpZ2h0PSIxIiB4bWxucz0iaHR0cDovL3d3dy53My5vcmcvMjAwMC9zdmciPjwvc3ZnPg==\" style=\"--smush-placeholder-width: 300px; --smush-placeholder-aspect-ratio: 300\/221;\" \/><\/p>\n<p><strong>The SiRIC CURAMUS is composed of 77 hospital and research teams:<\/strong><\/p>\n<ul>\n<li>36 clinical services<\/li>\n<li>17 Inserm teams<\/li>\n<li>13 CNRS Science and Engineering teams<\/li>\n<li>11 university teams in Arts and Sciences<\/li>\n<\/ul>\n<p>&nbsp;<\/p>\n<p><a href=\"https:\/\/curamus-cancer.fr\/les-equipes\/\">Consult the geolocalized directory of hospital and research teams<\/a><\/p>\n<p>&nbsp;<\/p>\n<p><a href=\"https:\/\/curamus-cancer.fr\/presentation-du-siric-curamus\/sorbonne\/\" rel=\"attachment wp-att-198\"><img decoding=\"async\" class=\"size-full wp-image-198 alignleft lazyload\" data-src=\"https:\/\/curamus-cancer.fr\/wp-content\/uploads\/2019\/07\/sorbonne.png\" alt=\"\" width=\"250\" height=\"83\" src=\"data:image\/svg+xml;base64,PHN2ZyB3aWR0aD0iMSIgaGVpZ2h0PSIxIiB4bWxucz0iaHR0cDovL3d3dy53My5vcmcvMjAwMC9zdmciPjwvc3ZnPg==\" style=\"--smush-placeholder-width: 250px; --smush-placeholder-aspect-ratio: 250\/83;\" \/><\/a>Sorbonne University, born from the merger of the Pierre and Marie Curie (UPMC) and Paris-Sorbonne Universities, is the 1st French University (Shanghai ranking) with three faculties: Medicine, Engineering Sciences and Literature including Humanities and Social Sciences.<\/p>\n<p>&nbsp;<\/p>\n<p><a href=\"https:\/\/curamus-cancer.fr\/presentation-du-siric-curamus\/iuc\/\" rel=\"attachment wp-att-200\"><img decoding=\"async\" class=\"size-full wp-image-200 alignleft lazyload\" data-src=\"https:\/\/curamus-cancer.fr\/wp-content\/uploads\/2019\/07\/iuc.png\" alt=\"\" width=\"256\" height=\"76\" src=\"data:image\/svg+xml;base64,PHN2ZyB3aWR0aD0iMSIgaGVpZ2h0PSIxIiB4bWxucz0iaHR0cDovL3d3dy53My5vcmcvMjAwMC9zdmciPjwvc3ZnPg==\" style=\"--smush-placeholder-width: 256px; --smush-placeholder-aspect-ratio: 256\/76;\" \/><\/a><\/p>\n<p><a href=\"http:\/\/www.iuc.upmc.fr\/\">The Institut Universitaire de Canc\u00e9rologie (IUC)<\/a> is the federative structure on the theme of Cancer within the GH APHP.6 and Sorbonne University and their institutional partners. The IUC brings together multidisciplinary teams (clinical, translational and biomedical research, sciences and engineering, human and social sciences, etc.) in the same prospective reflection on projects involving care, teaching and clinical, translational and fundamental research. The close collaboration with the <a href=\"https:\/\/universitedespatients-sorbonne.fr\/\">Universit\u00e9 des Patients (UDP)<\/a> confirms the importance that the IUC attaches to patient information and training and to health democracy.<\/p>\n<p>Among the projects supported by the IUC, alongside the SIRIC CURAMUS, are the implementation of the NGS for cancer diagnosis, the certification of tumour libraries, and the creation of the <a href=\"https:\/\/www.clip2galilee.com\/\">CLIP\u00b2 Galil\u00e9e<\/a> for early phase clinical trials, allowing a continuum between translational research and on-site clinical research. All these structures, among others, participate in the development of SiRIC CURAMUS.<br \/>\nSiRIC CURAMUS aims to organize fundamental, translational, clinical and human and social science research by promoting the synergy of its multidisciplinary teams.<\/p>\n","protected":false},"excerpt":{"rendered":"<p>&#8220;CURAMUS&#8221;, from the Latin &#8220;we take care&#8221;, is a site for integrated cancer research (SiRIC) labeled in 2018 by the [&hellip;]<\/p>\n","protected":false},"author":1,"featured_media":936,"parent":0,"menu_order":0,"comment_status":"closed","ping_status":"closed","template":"","meta":{"_acf_changed":false,"footnotes":""},"class_list":["post-343","page","type-page","status-publish","has-post-thumbnail","hentry"],"acf":[],"yoast_head":"<!-- This site is optimized with the Yoast SEO plugin v27.3 - https:\/\/yoast.com\/product\/yoast-seo-wordpress\/ -->\n<title>SiRIC Curamus presentation - Siric Cancer - Curamus - Site de Recherche Int\u00e9gr\u00e9e sur le Cancer<\/title>\n<meta name=\"robots\" content=\"index, follow, max-snippet:-1, max-image-preview:large, max-video-preview:-1\" \/>\n<link rel=\"canonical\" href=\"https:\/\/curamus-cancer.fr\/en\/siric-curamus-presentation\/\" \/>\n<meta property=\"og:locale\" content=\"en_US\" \/>\n<meta property=\"og:type\" content=\"article\" \/>\n<meta property=\"og:title\" content=\"SiRIC Curamus presentation - Siric Cancer - Curamus - Site de Recherche Int\u00e9gr\u00e9e sur le Cancer\" \/>\n<meta property=\"og:description\" content=\"&#8220;CURAMUS&#8221;, from the Latin &#8220;we take care&#8221;, is a site for integrated cancer research (SiRIC) labeled in 2018 by the [&hellip;]\" \/>\n<meta property=\"og:url\" content=\"https:\/\/curamus-cancer.fr\/en\/siric-curamus-presentation\/\" \/>\n<meta property=\"og:site_name\" content=\"Siric Cancer - Curamus - Site de Recherche Int\u00e9gr\u00e9e sur le Cancer\" \/>\n<meta property=\"article:publisher\" content=\"https:\/\/www.facebook.com\/cancercuramus\/\" \/>\n<meta property=\"article:modified_time\" content=\"2020-05-10T11:53:46+00:00\" \/>\n<meta property=\"og:image\" content=\"https:\/\/curamus-cancer.fr\/wp-content\/uploads\/2019\/09\/Curamus-sites-principaux.jpg\" \/>\n\t<meta property=\"og:image:width\" content=\"1998\" \/>\n\t<meta property=\"og:image:height\" content=\"1127\" \/>\n\t<meta property=\"og:image:type\" content=\"image\/jpeg\" \/>\n<meta name=\"twitter:card\" content=\"summary_large_image\" \/>\n<meta name=\"twitter:label1\" content=\"Est. reading time\" \/>\n\t<meta name=\"twitter:data1\" content=\"2 minutes\" \/>\n<script type=\"application\/ld+json\" class=\"yoast-schema-graph\">{\"@context\":\"https:\\\/\\\/schema.org\",\"@graph\":[{\"@type\":\"WebPage\",\"@id\":\"https:\\\/\\\/curamus-cancer.fr\\\/en\\\/siric-curamus-presentation\\\/\",\"url\":\"https:\\\/\\\/curamus-cancer.fr\\\/en\\\/siric-curamus-presentation\\\/\",\"name\":\"SiRIC Curamus presentation - Siric Cancer - Curamus - Site de Recherche Int\u00e9gr\u00e9e sur le Cancer\",\"isPartOf\":{\"@id\":\"https:\\\/\\\/curamus-cancer.fr\\\/en\\\/#website\"},\"primaryImageOfPage\":{\"@id\":\"https:\\\/\\\/curamus-cancer.fr\\\/en\\\/siric-curamus-presentation\\\/#primaryimage\"},\"image\":{\"@id\":\"https:\\\/\\\/curamus-cancer.fr\\\/en\\\/siric-curamus-presentation\\\/#primaryimage\"},\"thumbnailUrl\":\"https:\\\/\\\/curamus-cancer.fr\\\/wp-content\\\/uploads\\\/2019\\\/09\\\/Curamus-sites-principaux.jpg\",\"datePublished\":\"2019-07-09T09:06:06+00:00\",\"dateModified\":\"2020-05-10T11:53:46+00:00\",\"breadcrumb\":{\"@id\":\"https:\\\/\\\/curamus-cancer.fr\\\/en\\\/siric-curamus-presentation\\\/#breadcrumb\"},\"inLanguage\":\"en-US\",\"potentialAction\":[{\"@type\":\"ReadAction\",\"target\":[\"https:\\\/\\\/curamus-cancer.fr\\\/en\\\/siric-curamus-presentation\\\/\"]}]},{\"@type\":\"ImageObject\",\"inLanguage\":\"en-US\",\"@id\":\"https:\\\/\\\/curamus-cancer.fr\\\/en\\\/siric-curamus-presentation\\\/#primaryimage\",\"url\":\"https:\\\/\\\/curamus-cancer.fr\\\/wp-content\\\/uploads\\\/2019\\\/09\\\/Curamus-sites-principaux.jpg\",\"contentUrl\":\"https:\\\/\\\/curamus-cancer.fr\\\/wp-content\\\/uploads\\\/2019\\\/09\\\/Curamus-sites-principaux.jpg\",\"width\":1998,\"height\":1127},{\"@type\":\"BreadcrumbList\",\"@id\":\"https:\\\/\\\/curamus-cancer.fr\\\/en\\\/siric-curamus-presentation\\\/#breadcrumb\",\"itemListElement\":[{\"@type\":\"ListItem\",\"position\":1,\"name\":\"Accueil\",\"item\":\"https:\\\/\\\/curamus-cancer.fr\\\/en\\\/\"},{\"@type\":\"ListItem\",\"position\":2,\"name\":\"SiRIC Curamus presentation\"}]},{\"@type\":\"WebSite\",\"@id\":\"https:\\\/\\\/curamus-cancer.fr\\\/en\\\/#website\",\"url\":\"https:\\\/\\\/curamus-cancer.fr\\\/en\\\/\",\"name\":\"Siric Cancer - Curamus - Site de Recherche Int\u00e9gr\u00e9e sur le Cancer\",\"description\":\"Nous soignons et prenons soin\",\"publisher\":{\"@id\":\"https:\\\/\\\/curamus-cancer.fr\\\/en\\\/#organization\"},\"potentialAction\":[{\"@type\":\"SearchAction\",\"target\":{\"@type\":\"EntryPoint\",\"urlTemplate\":\"https:\\\/\\\/curamus-cancer.fr\\\/en\\\/?s={search_term_string}\"},\"query-input\":{\"@type\":\"PropertyValueSpecification\",\"valueRequired\":true,\"valueName\":\"search_term_string\"}}],\"inLanguage\":\"en-US\"},{\"@type\":\"Organization\",\"@id\":\"https:\\\/\\\/curamus-cancer.fr\\\/en\\\/#organization\",\"name\":\"Siric Cancer - Curamus\",\"url\":\"https:\\\/\\\/curamus-cancer.fr\\\/en\\\/\",\"logo\":{\"@type\":\"ImageObject\",\"inLanguage\":\"en-US\",\"@id\":\"https:\\\/\\\/curamus-cancer.fr\\\/en\\\/#\\\/schema\\\/logo\\\/image\\\/\",\"url\":\"https:\\\/\\\/curamus-cancer.fr\\\/wp-content\\\/uploads\\\/2019\\\/07\\\/logo.jpg\",\"contentUrl\":\"https:\\\/\\\/curamus-cancer.fr\\\/wp-content\\\/uploads\\\/2019\\\/07\\\/logo.jpg\",\"width\":378,\"height\":113,\"caption\":\"Siric Cancer - Curamus\"},\"image\":{\"@id\":\"https:\\\/\\\/curamus-cancer.fr\\\/en\\\/#\\\/schema\\\/logo\\\/image\\\/\"},\"sameAs\":[\"https:\\\/\\\/www.facebook.com\\\/cancercuramus\\\/\"]}]}<\/script>\n<!-- \/ Yoast SEO plugin. -->","yoast_head_json":{"title":"SiRIC Curamus presentation - Siric Cancer - Curamus - Site de Recherche Int\u00e9gr\u00e9e sur le Cancer","robots":{"index":"index","follow":"follow","max-snippet":"max-snippet:-1","max-image-preview":"max-image-preview:large","max-video-preview":"max-video-preview:-1"},"canonical":"https:\/\/curamus-cancer.fr\/en\/siric-curamus-presentation\/","og_locale":"en_US","og_type":"article","og_title":"SiRIC Curamus presentation - Siric Cancer - Curamus - Site de Recherche Int\u00e9gr\u00e9e sur le Cancer","og_description":"&#8220;CURAMUS&#8221;, from the Latin &#8220;we take care&#8221;, is a site for integrated cancer research (SiRIC) labeled in 2018 by the [&hellip;]","og_url":"https:\/\/curamus-cancer.fr\/en\/siric-curamus-presentation\/","og_site_name":"Siric Cancer - Curamus - Site de Recherche Int\u00e9gr\u00e9e sur le Cancer","article_publisher":"https:\/\/www.facebook.com\/cancercuramus\/","article_modified_time":"2020-05-10T11:53:46+00:00","og_image":[{"width":1998,"height":1127,"url":"https:\/\/curamus-cancer.fr\/wp-content\/uploads\/2019\/09\/Curamus-sites-principaux.jpg","type":"image\/jpeg"}],"twitter_card":"summary_large_image","twitter_misc":{"Est. reading time":"2 minutes"},"schema":{"@context":"https:\/\/schema.org","@graph":[{"@type":"WebPage","@id":"https:\/\/curamus-cancer.fr\/en\/siric-curamus-presentation\/","url":"https:\/\/curamus-cancer.fr\/en\/siric-curamus-presentation\/","name":"SiRIC Curamus presentation - Siric Cancer - Curamus - Site de Recherche Int\u00e9gr\u00e9e sur le Cancer","isPartOf":{"@id":"https:\/\/curamus-cancer.fr\/en\/#website"},"primaryImageOfPage":{"@id":"https:\/\/curamus-cancer.fr\/en\/siric-curamus-presentation\/#primaryimage"},"image":{"@id":"https:\/\/curamus-cancer.fr\/en\/siric-curamus-presentation\/#primaryimage"},"thumbnailUrl":"https:\/\/curamus-cancer.fr\/wp-content\/uploads\/2019\/09\/Curamus-sites-principaux.jpg","datePublished":"2019-07-09T09:06:06+00:00","dateModified":"2020-05-10T11:53:46+00:00","breadcrumb":{"@id":"https:\/\/curamus-cancer.fr\/en\/siric-curamus-presentation\/#breadcrumb"},"inLanguage":"en-US","potentialAction":[{"@type":"ReadAction","target":["https:\/\/curamus-cancer.fr\/en\/siric-curamus-presentation\/"]}]},{"@type":"ImageObject","inLanguage":"en-US","@id":"https:\/\/curamus-cancer.fr\/en\/siric-curamus-presentation\/#primaryimage","url":"https:\/\/curamus-cancer.fr\/wp-content\/uploads\/2019\/09\/Curamus-sites-principaux.jpg","contentUrl":"https:\/\/curamus-cancer.fr\/wp-content\/uploads\/2019\/09\/Curamus-sites-principaux.jpg","width":1998,"height":1127},{"@type":"BreadcrumbList","@id":"https:\/\/curamus-cancer.fr\/en\/siric-curamus-presentation\/#breadcrumb","itemListElement":[{"@type":"ListItem","position":1,"name":"Accueil","item":"https:\/\/curamus-cancer.fr\/en\/"},{"@type":"ListItem","position":2,"name":"SiRIC Curamus presentation"}]},{"@type":"WebSite","@id":"https:\/\/curamus-cancer.fr\/en\/#website","url":"https:\/\/curamus-cancer.fr\/en\/","name":"Siric Cancer - Curamus - Site de Recherche Int\u00e9gr\u00e9e sur le Cancer","description":"Nous soignons et prenons soin","publisher":{"@id":"https:\/\/curamus-cancer.fr\/en\/#organization"},"potentialAction":[{"@type":"SearchAction","target":{"@type":"EntryPoint","urlTemplate":"https:\/\/curamus-cancer.fr\/en\/?s={search_term_string}"},"query-input":{"@type":"PropertyValueSpecification","valueRequired":true,"valueName":"search_term_string"}}],"inLanguage":"en-US"},{"@type":"Organization","@id":"https:\/\/curamus-cancer.fr\/en\/#organization","name":"Siric Cancer - Curamus","url":"https:\/\/curamus-cancer.fr\/en\/","logo":{"@type":"ImageObject","inLanguage":"en-US","@id":"https:\/\/curamus-cancer.fr\/en\/#\/schema\/logo\/image\/","url":"https:\/\/curamus-cancer.fr\/wp-content\/uploads\/2019\/07\/logo.jpg","contentUrl":"https:\/\/curamus-cancer.fr\/wp-content\/uploads\/2019\/07\/logo.jpg","width":378,"height":113,"caption":"Siric Cancer - Curamus"},"image":{"@id":"https:\/\/curamus-cancer.fr\/en\/#\/schema\/logo\/image\/"},"sameAs":["https:\/\/www.facebook.com\/cancercuramus\/"]}]}},"_links":{"self":[{"href":"https:\/\/curamus-cancer.fr\/en\/wp-json\/wp\/v2\/pages\/343","targetHints":{"allow":["GET"]}}],"collection":[{"href":"https:\/\/curamus-cancer.fr\/en\/wp-json\/wp\/v2\/pages"}],"about":[{"href":"https:\/\/curamus-cancer.fr\/en\/wp-json\/wp\/v2\/types\/page"}],"author":[{"embeddable":true,"href":"https:\/\/curamus-cancer.fr\/en\/wp-json\/wp\/v2\/users\/1"}],"replies":[{"embeddable":true,"href":"https:\/\/curamus-cancer.fr\/en\/wp-json\/wp\/v2\/comments?post=343"}],"version-history":[{"count":0,"href":"https:\/\/curamus-cancer.fr\/en\/wp-json\/wp\/v2\/pages\/343\/revisions"}],"wp:featuredmedia":[{"embeddable":true,"href":"https:\/\/curamus-cancer.fr\/en\/wp-json\/wp\/v2\/media\/936"}],"wp:attachment":[{"href":"https:\/\/curamus-cancer.fr\/en\/wp-json\/wp\/v2\/media?parent=343"}],"curies":[{"name":"wp","href":"https:\/\/api.w.org\/{rel}","templated":true}]}}