{"id":1653,"date":"2019-07-09T11:22:50","date_gmt":"2019-07-09T09:22:50","guid":{"rendered":"https:\/\/curamus-cancer.fr\/soutenir-le-siric-curamus\/"},"modified":"2022-11-22T18:03:22","modified_gmt":"2022-11-22T17:03:22","slug":"support-the-siric-curamus","status":"publish","type":"page","link":"https:\/\/curamus-cancer.fr\/en\/support-the-siric-curamus\/","title":{"rendered":"Support Curamus"},"content":{"rendered":"<blockquote><p>Theo, a patient who is counting on your generosity to help our research teams find new cancer treatments.<\/p><\/blockquote>\n<h1>Thousands of cancer patients are waiting for treatment.<\/h1>\n<p>We witness stories like Theo&#8217;s every day.<\/p>\n<p>You can help them alongside the integrated cancer research site CURAMUS AP-HP.SORBONNE UNIVERSITY and the AP-HP Research Foundation.<\/p>\n<p>&nbsp;<\/p>\n<h1>Your tax reduction<\/h1>\n<p>You benefit from a tax reduction of 66% of the amount of your donation, if you are subject to income tax, and 75% if you are subject to the IFI.<\/p>\n<p>&nbsp;<\/p>\n<p><img decoding=\"async\" data-src=\"http:\/\/microscopule.com\/curamus\/wp-content\/uploads\/2020\/06\/don-fiscal-1.jpg\" alt=\"\" width=\"632\" height=\"171\" src=\"data:image\/svg+xml;base64,PHN2ZyB3aWR0aD0iMSIgaGVpZ2h0PSIxIiB4bWxucz0iaHR0cDovL3d3dy53My5vcmcvMjAwMC9zdmciPjwvc3ZnPg==\" class=\"lazyload\" style=\"--smush-placeholder-width: 632px; --smush-placeholder-aspect-ratio: 632\/171;\" \/><\/p>\n<p>&nbsp;<\/p>\n<h1>16,000 patients including 10,000 new cases per year<\/h1>\n<p>The AP-HP.SORBONNE UNIVERSITY HOSPITAL GROUP (Piti\u00e9 Salp\u00eatri\u00e8re, Saint Antoine, Tenon, Trousseau, Rothschild, Charles Foix, La Roche Guyon) welcomes nearly a third of AP-HP cancer patients with more than 16,000 patients including 10,000 new cases per year, concerning all ages and all types of cancer.<\/p>\n<p>The research teams, composed of doctors, surgeons, nurses, pharmacists, technicians, as well as researchers and teacher-researchers from the Associated Research Units and the Faculties of Science and Letters of the Sorbonne University are constantly exploring new therapeutic avenues. The AP-HP Research Foundation contributes to the financing of their projects thanks to the generosity of all those who wish to support them.<\/p>\n<p>&nbsp;<\/p>\n<p><a href=\"https:\/\/soutenir.fondationaphp.fr\/curamus\/~mon-don\"><img decoding=\"async\" class=\"wp-image-1150 aligncenter lazyload\" data-src=\"https:\/\/curamus-cancer.fr\/wp-content\/uploads\/2019\/10\/Bouton-soutenir.png\" data-sizes=\"(max-width: 482px) 100vw, 482px\" data-srcset=\"https:\/\/curamus-cancer.fr\/wp-content\/uploads\/2019\/10\/Bouton-soutenir.png 1077w, https:\/\/curamus-cancer.fr\/wp-content\/uploads\/2019\/10\/Bouton-soutenir-300x58.png 300w, https:\/\/curamus-cancer.fr\/wp-content\/uploads\/2019\/10\/Bouton-soutenir-768x150.png 768w, https:\/\/curamus-cancer.fr\/wp-content\/uploads\/2019\/10\/Bouton-soutenir-1024x200.png 1024w\" alt=\"\" width=\"482\" height=\"94\" src=\"data:image\/svg+xml;base64,PHN2ZyB3aWR0aD0iMSIgaGVpZ2h0PSIxIiB4bWxucz0iaHR0cDovL3d3dy53My5vcmcvMjAwMC9zdmciPjwvc3ZnPg==\" style=\"--smush-placeholder-width: 482px; --smush-placeholder-aspect-ratio: 482\/94;\" \/><\/a><\/p>\n<p>&nbsp;<\/p>\n<p>&nbsp;<\/p>\n","protected":false},"excerpt":{"rendered":"<p>Theo, a patient who is counting on your generosity to help our research teams find new cancer treatments. Thousands of [&hellip;]<\/p>\n","protected":false},"author":1,"featured_media":0,"parent":0,"menu_order":0,"comment_status":"closed","ping_status":"closed","template":"focus.php","meta":{"_acf_changed":false,"footnotes":""},"class_list":["post-1653","page","type-page","status-publish","hentry"],"acf":[],"yoast_head":"<!-- This site is optimized with the Yoast SEO plugin v27.3 - https:\/\/yoast.com\/product\/yoast-seo-wordpress\/ -->\n<title>Support Curamus - Siric Cancer - Curamus - Site de Recherche Int\u00e9gr\u00e9e sur le Cancer<\/title>\n<meta name=\"robots\" content=\"index, follow, max-snippet:-1, max-image-preview:large, max-video-preview:-1\" \/>\n<link rel=\"canonical\" href=\"https:\/\/curamus-cancer.fr\/en\/support-the-siric-curamus\/\" \/>\n<meta property=\"og:locale\" content=\"en_US\" \/>\n<meta property=\"og:type\" content=\"article\" \/>\n<meta property=\"og:title\" content=\"Support Curamus - Siric Cancer - Curamus - Site de Recherche Int\u00e9gr\u00e9e sur le Cancer\" \/>\n<meta property=\"og:description\" content=\"Theo, a patient who is counting on your generosity to help our research teams find new cancer treatments. Thousands of [&hellip;]\" \/>\n<meta property=\"og:url\" content=\"https:\/\/curamus-cancer.fr\/en\/support-the-siric-curamus\/\" \/>\n<meta property=\"og:site_name\" content=\"Siric Cancer - Curamus - Site de Recherche Int\u00e9gr\u00e9e sur le Cancer\" \/>\n<meta property=\"article:publisher\" content=\"https:\/\/www.facebook.com\/cancercuramus\/\" \/>\n<meta property=\"article:modified_time\" content=\"2022-11-22T17:03:22+00:00\" \/>\n<meta property=\"og:image\" content=\"http:\/\/microscopule.com\/curamus\/wp-content\/uploads\/2020\/06\/don-fiscal-1.jpg\" \/>\n<meta name=\"twitter:card\" content=\"summary_large_image\" \/>\n<meta name=\"twitter:label1\" content=\"Est. reading time\" \/>\n\t<meta name=\"twitter:data1\" content=\"2 minutes\" \/>\n<script type=\"application\/ld+json\" class=\"yoast-schema-graph\">{\"@context\":\"https:\\\/\\\/schema.org\",\"@graph\":[{\"@type\":\"WebPage\",\"@id\":\"https:\\\/\\\/curamus-cancer.fr\\\/en\\\/support-the-siric-curamus\\\/\",\"url\":\"https:\\\/\\\/curamus-cancer.fr\\\/en\\\/support-the-siric-curamus\\\/\",\"name\":\"Support Curamus - Siric Cancer - Curamus - Site de Recherche Int\u00e9gr\u00e9e sur le Cancer\",\"isPartOf\":{\"@id\":\"https:\\\/\\\/curamus-cancer.fr\\\/en\\\/#website\"},\"primaryImageOfPage\":{\"@id\":\"https:\\\/\\\/curamus-cancer.fr\\\/en\\\/support-the-siric-curamus\\\/#primaryimage\"},\"image\":{\"@id\":\"https:\\\/\\\/curamus-cancer.fr\\\/en\\\/support-the-siric-curamus\\\/#primaryimage\"},\"thumbnailUrl\":\"http:\\\/\\\/microscopule.com\\\/curamus\\\/wp-content\\\/uploads\\\/2020\\\/06\\\/don-fiscal-1.jpg\",\"datePublished\":\"2019-07-09T09:22:50+00:00\",\"dateModified\":\"2022-11-22T17:03:22+00:00\",\"breadcrumb\":{\"@id\":\"https:\\\/\\\/curamus-cancer.fr\\\/en\\\/support-the-siric-curamus\\\/#breadcrumb\"},\"inLanguage\":\"en-US\",\"potentialAction\":[{\"@type\":\"ReadAction\",\"target\":[\"https:\\\/\\\/curamus-cancer.fr\\\/en\\\/support-the-siric-curamus\\\/\"]}]},{\"@type\":\"ImageObject\",\"inLanguage\":\"en-US\",\"@id\":\"https:\\\/\\\/curamus-cancer.fr\\\/en\\\/support-the-siric-curamus\\\/#primaryimage\",\"url\":\"http:\\\/\\\/microscopule.com\\\/curamus\\\/wp-content\\\/uploads\\\/2020\\\/06\\\/don-fiscal-1.jpg\",\"contentUrl\":\"http:\\\/\\\/microscopule.com\\\/curamus\\\/wp-content\\\/uploads\\\/2020\\\/06\\\/don-fiscal-1.jpg\"},{\"@type\":\"BreadcrumbList\",\"@id\":\"https:\\\/\\\/curamus-cancer.fr\\\/en\\\/support-the-siric-curamus\\\/#breadcrumb\",\"itemListElement\":[{\"@type\":\"ListItem\",\"position\":1,\"name\":\"Accueil\",\"item\":\"https:\\\/\\\/curamus-cancer.fr\\\/en\\\/\"},{\"@type\":\"ListItem\",\"position\":2,\"name\":\"Support Curamus\"}]},{\"@type\":\"WebSite\",\"@id\":\"https:\\\/\\\/curamus-cancer.fr\\\/en\\\/#website\",\"url\":\"https:\\\/\\\/curamus-cancer.fr\\\/en\\\/\",\"name\":\"Siric Cancer - Curamus - Site de Recherche Int\u00e9gr\u00e9e sur le Cancer\",\"description\":\"Nous soignons et prenons soin\",\"publisher\":{\"@id\":\"https:\\\/\\\/curamus-cancer.fr\\\/en\\\/#organization\"},\"potentialAction\":[{\"@type\":\"SearchAction\",\"target\":{\"@type\":\"EntryPoint\",\"urlTemplate\":\"https:\\\/\\\/curamus-cancer.fr\\\/en\\\/?s={search_term_string}\"},\"query-input\":{\"@type\":\"PropertyValueSpecification\",\"valueRequired\":true,\"valueName\":\"search_term_string\"}}],\"inLanguage\":\"en-US\"},{\"@type\":\"Organization\",\"@id\":\"https:\\\/\\\/curamus-cancer.fr\\\/en\\\/#organization\",\"name\":\"Siric Cancer - Curamus\",\"url\":\"https:\\\/\\\/curamus-cancer.fr\\\/en\\\/\",\"logo\":{\"@type\":\"ImageObject\",\"inLanguage\":\"en-US\",\"@id\":\"https:\\\/\\\/curamus-cancer.fr\\\/en\\\/#\\\/schema\\\/logo\\\/image\\\/\",\"url\":\"https:\\\/\\\/curamus-cancer.fr\\\/wp-content\\\/uploads\\\/2019\\\/07\\\/logo.jpg\",\"contentUrl\":\"https:\\\/\\\/curamus-cancer.fr\\\/wp-content\\\/uploads\\\/2019\\\/07\\\/logo.jpg\",\"width\":378,\"height\":113,\"caption\":\"Siric Cancer - Curamus\"},\"image\":{\"@id\":\"https:\\\/\\\/curamus-cancer.fr\\\/en\\\/#\\\/schema\\\/logo\\\/image\\\/\"},\"sameAs\":[\"https:\\\/\\\/www.facebook.com\\\/cancercuramus\\\/\"]}]}<\/script>\n<!-- \/ Yoast SEO plugin. -->","yoast_head_json":{"title":"Support Curamus - Siric Cancer - Curamus - Site de Recherche Int\u00e9gr\u00e9e sur le Cancer","robots":{"index":"index","follow":"follow","max-snippet":"max-snippet:-1","max-image-preview":"max-image-preview:large","max-video-preview":"max-video-preview:-1"},"canonical":"https:\/\/curamus-cancer.fr\/en\/support-the-siric-curamus\/","og_locale":"en_US","og_type":"article","og_title":"Support Curamus - Siric Cancer - Curamus - Site de Recherche Int\u00e9gr\u00e9e sur le Cancer","og_description":"Theo, a patient who is counting on your generosity to help our research teams find new cancer treatments. Thousands of [&hellip;]","og_url":"https:\/\/curamus-cancer.fr\/en\/support-the-siric-curamus\/","og_site_name":"Siric Cancer - Curamus - Site de Recherche Int\u00e9gr\u00e9e sur le Cancer","article_publisher":"https:\/\/www.facebook.com\/cancercuramus\/","article_modified_time":"2022-11-22T17:03:22+00:00","og_image":[{"url":"http:\/\/microscopule.com\/curamus\/wp-content\/uploads\/2020\/06\/don-fiscal-1.jpg","type":"","width":"","height":""}],"twitter_card":"summary_large_image","twitter_misc":{"Est. reading time":"2 minutes"},"schema":{"@context":"https:\/\/schema.org","@graph":[{"@type":"WebPage","@id":"https:\/\/curamus-cancer.fr\/en\/support-the-siric-curamus\/","url":"https:\/\/curamus-cancer.fr\/en\/support-the-siric-curamus\/","name":"Support Curamus - Siric Cancer - Curamus - Site de Recherche Int\u00e9gr\u00e9e sur le Cancer","isPartOf":{"@id":"https:\/\/curamus-cancer.fr\/en\/#website"},"primaryImageOfPage":{"@id":"https:\/\/curamus-cancer.fr\/en\/support-the-siric-curamus\/#primaryimage"},"image":{"@id":"https:\/\/curamus-cancer.fr\/en\/support-the-siric-curamus\/#primaryimage"},"thumbnailUrl":"http:\/\/microscopule.com\/curamus\/wp-content\/uploads\/2020\/06\/don-fiscal-1.jpg","datePublished":"2019-07-09T09:22:50+00:00","dateModified":"2022-11-22T17:03:22+00:00","breadcrumb":{"@id":"https:\/\/curamus-cancer.fr\/en\/support-the-siric-curamus\/#breadcrumb"},"inLanguage":"en-US","potentialAction":[{"@type":"ReadAction","target":["https:\/\/curamus-cancer.fr\/en\/support-the-siric-curamus\/"]}]},{"@type":"ImageObject","inLanguage":"en-US","@id":"https:\/\/curamus-cancer.fr\/en\/support-the-siric-curamus\/#primaryimage","url":"http:\/\/microscopule.com\/curamus\/wp-content\/uploads\/2020\/06\/don-fiscal-1.jpg","contentUrl":"http:\/\/microscopule.com\/curamus\/wp-content\/uploads\/2020\/06\/don-fiscal-1.jpg"},{"@type":"BreadcrumbList","@id":"https:\/\/curamus-cancer.fr\/en\/support-the-siric-curamus\/#breadcrumb","itemListElement":[{"@type":"ListItem","position":1,"name":"Accueil","item":"https:\/\/curamus-cancer.fr\/en\/"},{"@type":"ListItem","position":2,"name":"Support Curamus"}]},{"@type":"WebSite","@id":"https:\/\/curamus-cancer.fr\/en\/#website","url":"https:\/\/curamus-cancer.fr\/en\/","name":"Siric Cancer - Curamus - Site de Recherche Int\u00e9gr\u00e9e sur le Cancer","description":"Nous soignons et prenons soin","publisher":{"@id":"https:\/\/curamus-cancer.fr\/en\/#organization"},"potentialAction":[{"@type":"SearchAction","target":{"@type":"EntryPoint","urlTemplate":"https:\/\/curamus-cancer.fr\/en\/?s={search_term_string}"},"query-input":{"@type":"PropertyValueSpecification","valueRequired":true,"valueName":"search_term_string"}}],"inLanguage":"en-US"},{"@type":"Organization","@id":"https:\/\/curamus-cancer.fr\/en\/#organization","name":"Siric Cancer - Curamus","url":"https:\/\/curamus-cancer.fr\/en\/","logo":{"@type":"ImageObject","inLanguage":"en-US","@id":"https:\/\/curamus-cancer.fr\/en\/#\/schema\/logo\/image\/","url":"https:\/\/curamus-cancer.fr\/wp-content\/uploads\/2019\/07\/logo.jpg","contentUrl":"https:\/\/curamus-cancer.fr\/wp-content\/uploads\/2019\/07\/logo.jpg","width":378,"height":113,"caption":"Siric Cancer - Curamus"},"image":{"@id":"https:\/\/curamus-cancer.fr\/en\/#\/schema\/logo\/image\/"},"sameAs":["https:\/\/www.facebook.com\/cancercuramus\/"]}]}},"_links":{"self":[{"href":"https:\/\/curamus-cancer.fr\/en\/wp-json\/wp\/v2\/pages\/1653","targetHints":{"allow":["GET"]}}],"collection":[{"href":"https:\/\/curamus-cancer.fr\/en\/wp-json\/wp\/v2\/pages"}],"about":[{"href":"https:\/\/curamus-cancer.fr\/en\/wp-json\/wp\/v2\/types\/page"}],"author":[{"embeddable":true,"href":"https:\/\/curamus-cancer.fr\/en\/wp-json\/wp\/v2\/users\/1"}],"replies":[{"embeddable":true,"href":"https:\/\/curamus-cancer.fr\/en\/wp-json\/wp\/v2\/comments?post=1653"}],"version-history":[{"count":0,"href":"https:\/\/curamus-cancer.fr\/en\/wp-json\/wp\/v2\/pages\/1653\/revisions"}],"wp:attachment":[{"href":"https:\/\/curamus-cancer.fr\/en\/wp-json\/wp\/v2\/media?parent=1653"}],"curies":[{"name":"wp","href":"https:\/\/api.w.org\/{rel}","templated":true}]}}