{"id":1649,"date":"2019-09-30T18:09:32","date_gmt":"2019-09-30T16:09:32","guid":{"rendered":"https:\/\/curamus-cancer.fr\/reseau-renoclip-loc\/"},"modified":"2020-05-07T18:01:58","modified_gmt":"2020-05-07T16:01:58","slug":"renoclip-loc-network","status":"publish","type":"page","link":"https:\/\/curamus-cancer.fr\/en\/renoclip-loc-network\/","title":{"rendered":"RENOCLIP-LOC Network"},"content":{"rendered":"<h1>RENOCLIP-LOC Network\u00a0(Rare cancers of the central nervous system)<\/h1>\n<p>The RENOCLIP-LOC network, approved by the <a href=\"https:\/\/en.e-cancer.fr\/\">National Cancer Institute (INCa)<\/a>, was born from the merger in 2019 of the two networks POLA and LOC.<\/p>\n<p>&nbsp;<\/p>\n<h2>POLA National Expert Network dedicated to the management of High-Grade Oligodendroglial Tumours<\/h2>\n<p>The POLA Network aims to <strong>improve the management of and research<\/strong> on certain brain tumours (<strong>anaplastic oligodendrogliomas, anaplastic oligoastrocytomas, grade IV oligoastrocytomas with necrosis, and glioblastomas with an oligodendroglial component<\/strong>) that are rare tumours in adults. This Network is funded by both the <a href=\"https:\/\/en.e-cancer.fr\/\">National Cancer Institute (INCa)<\/a> and the <a href=\"https:\/\/www.ligue-cancer.net\/\">National League Against Cancer.<\/a><\/p>\n<p>For more information: <a href=\"https:\/\/www.reseau-pola.org\/\">https:\/\/www.reseau-pola.org\/<\/a><\/p>\n<p>&nbsp;<\/p>\n<div id=\"WRchTxtd\" class=\"txtNew\" data-packed=\"true\">\n<h2 class=\"font_2\">LOC Network National Expert for Oculocerebral Lymphomas<\/h2>\n<\/div>\n<p>The LOC network was created in 2011, as part of the 2009-2013 Cancer Plan. It is a national medical expert network, recognized and funded by the National Cancer Institute (INCa). Its objective is<strong> to improve the management of and research into primary lymphomas of the central nervous system (primary cerebral and\/or intra-ocular lymphomas)<\/strong>, which represent<strong> a rare form of adult tumour.<\/strong> The network consists of a national expert centre in Ile de France, at the Piti\u00e9-Salp\u00eatri\u00e8re Hospital in Paris and the Ren\u00e9 Huguenin Hospital\/Institut Curie in Saint Cloud, and twenty regional expert centres throughout France.<\/p>\n<p>For more information: <a href=\"https:\/\/www.reseauloc.org\/\">https:\/\/www.reseauloc.org\/<\/a><\/p>\n<p>&nbsp;<\/p>\n","protected":false},"excerpt":{"rendered":"<p>RENOCLIP-LOC Network\u00a0(Rare cancers of the central nervous system) The RENOCLIP-LOC network, approved by the National Cancer Institute (INCa), was born [&hellip;]<\/p>\n","protected":false},"author":6,"featured_media":0,"parent":0,"menu_order":0,"comment_status":"closed","ping_status":"closed","template":"","meta":{"_acf_changed":false,"footnotes":""},"class_list":["post-1649","page","type-page","status-publish","hentry"],"acf":[],"yoast_head":"<!-- This site is optimized with the Yoast SEO plugin v27.3 - https:\/\/yoast.com\/product\/yoast-seo-wordpress\/ -->\n<title>RENOCLIP-LOC Network - Siric Cancer - Curamus - Site de Recherche Int\u00e9gr\u00e9e sur le Cancer<\/title>\n<meta name=\"robots\" content=\"index, follow, max-snippet:-1, max-image-preview:large, max-video-preview:-1\" \/>\n<link rel=\"canonical\" href=\"https:\/\/curamus-cancer.fr\/en\/renoclip-loc-network\/\" \/>\n<meta property=\"og:locale\" content=\"en_US\" \/>\n<meta property=\"og:type\" content=\"article\" \/>\n<meta property=\"og:title\" content=\"RENOCLIP-LOC Network - Siric Cancer - Curamus - Site de Recherche Int\u00e9gr\u00e9e sur le Cancer\" \/>\n<meta property=\"og:description\" content=\"RENOCLIP-LOC Network\u00a0(Rare cancers of the central nervous system) The RENOCLIP-LOC network, approved by the National Cancer Institute (INCa), was born [&hellip;]\" \/>\n<meta property=\"og:url\" content=\"https:\/\/curamus-cancer.fr\/en\/renoclip-loc-network\/\" \/>\n<meta property=\"og:site_name\" content=\"Siric Cancer - Curamus - Site de Recherche Int\u00e9gr\u00e9e sur le Cancer\" \/>\n<meta property=\"article:publisher\" content=\"https:\/\/www.facebook.com\/cancercuramus\/\" \/>\n<meta property=\"article:modified_time\" content=\"2020-05-07T16:01:58+00:00\" \/>\n<meta name=\"twitter:card\" content=\"summary_large_image\" \/>\n<meta name=\"twitter:label1\" content=\"Est. reading time\" \/>\n\t<meta name=\"twitter:data1\" content=\"1 minute\" \/>\n<script type=\"application\/ld+json\" class=\"yoast-schema-graph\">{\"@context\":\"https:\\\/\\\/schema.org\",\"@graph\":[{\"@type\":\"WebPage\",\"@id\":\"https:\\\/\\\/curamus-cancer.fr\\\/en\\\/renoclip-loc-network\\\/\",\"url\":\"https:\\\/\\\/curamus-cancer.fr\\\/en\\\/renoclip-loc-network\\\/\",\"name\":\"RENOCLIP-LOC Network - Siric Cancer - Curamus - Site de Recherche Int\u00e9gr\u00e9e sur le Cancer\",\"isPartOf\":{\"@id\":\"https:\\\/\\\/curamus-cancer.fr\\\/en\\\/#website\"},\"datePublished\":\"2019-09-30T16:09:32+00:00\",\"dateModified\":\"2020-05-07T16:01:58+00:00\",\"breadcrumb\":{\"@id\":\"https:\\\/\\\/curamus-cancer.fr\\\/en\\\/renoclip-loc-network\\\/#breadcrumb\"},\"inLanguage\":\"en-US\",\"potentialAction\":[{\"@type\":\"ReadAction\",\"target\":[\"https:\\\/\\\/curamus-cancer.fr\\\/en\\\/renoclip-loc-network\\\/\"]}]},{\"@type\":\"BreadcrumbList\",\"@id\":\"https:\\\/\\\/curamus-cancer.fr\\\/en\\\/renoclip-loc-network\\\/#breadcrumb\",\"itemListElement\":[{\"@type\":\"ListItem\",\"position\":1,\"name\":\"Accueil\",\"item\":\"https:\\\/\\\/curamus-cancer.fr\\\/en\\\/\"},{\"@type\":\"ListItem\",\"position\":2,\"name\":\"RENOCLIP-LOC Network\"}]},{\"@type\":\"WebSite\",\"@id\":\"https:\\\/\\\/curamus-cancer.fr\\\/en\\\/#website\",\"url\":\"https:\\\/\\\/curamus-cancer.fr\\\/en\\\/\",\"name\":\"Siric Cancer - Curamus - Site de Recherche Int\u00e9gr\u00e9e sur le Cancer\",\"description\":\"Nous soignons et prenons soin\",\"publisher\":{\"@id\":\"https:\\\/\\\/curamus-cancer.fr\\\/en\\\/#organization\"},\"potentialAction\":[{\"@type\":\"SearchAction\",\"target\":{\"@type\":\"EntryPoint\",\"urlTemplate\":\"https:\\\/\\\/curamus-cancer.fr\\\/en\\\/?s={search_term_string}\"},\"query-input\":{\"@type\":\"PropertyValueSpecification\",\"valueRequired\":true,\"valueName\":\"search_term_string\"}}],\"inLanguage\":\"en-US\"},{\"@type\":\"Organization\",\"@id\":\"https:\\\/\\\/curamus-cancer.fr\\\/en\\\/#organization\",\"name\":\"Siric Cancer - Curamus\",\"url\":\"https:\\\/\\\/curamus-cancer.fr\\\/en\\\/\",\"logo\":{\"@type\":\"ImageObject\",\"inLanguage\":\"en-US\",\"@id\":\"https:\\\/\\\/curamus-cancer.fr\\\/en\\\/#\\\/schema\\\/logo\\\/image\\\/\",\"url\":\"https:\\\/\\\/curamus-cancer.fr\\\/wp-content\\\/uploads\\\/2019\\\/07\\\/logo.jpg\",\"contentUrl\":\"https:\\\/\\\/curamus-cancer.fr\\\/wp-content\\\/uploads\\\/2019\\\/07\\\/logo.jpg\",\"width\":378,\"height\":113,\"caption\":\"Siric Cancer - Curamus\"},\"image\":{\"@id\":\"https:\\\/\\\/curamus-cancer.fr\\\/en\\\/#\\\/schema\\\/logo\\\/image\\\/\"},\"sameAs\":[\"https:\\\/\\\/www.facebook.com\\\/cancercuramus\\\/\"]}]}<\/script>\n<!-- \/ Yoast SEO plugin. -->","yoast_head_json":{"title":"RENOCLIP-LOC Network - Siric Cancer - Curamus - Site de Recherche Int\u00e9gr\u00e9e sur le Cancer","robots":{"index":"index","follow":"follow","max-snippet":"max-snippet:-1","max-image-preview":"max-image-preview:large","max-video-preview":"max-video-preview:-1"},"canonical":"https:\/\/curamus-cancer.fr\/en\/renoclip-loc-network\/","og_locale":"en_US","og_type":"article","og_title":"RENOCLIP-LOC Network - Siric Cancer - Curamus - Site de Recherche Int\u00e9gr\u00e9e sur le Cancer","og_description":"RENOCLIP-LOC Network\u00a0(Rare cancers of the central nervous system) The RENOCLIP-LOC network, approved by the National Cancer Institute (INCa), was born [&hellip;]","og_url":"https:\/\/curamus-cancer.fr\/en\/renoclip-loc-network\/","og_site_name":"Siric Cancer - Curamus - Site de Recherche Int\u00e9gr\u00e9e sur le Cancer","article_publisher":"https:\/\/www.facebook.com\/cancercuramus\/","article_modified_time":"2020-05-07T16:01:58+00:00","twitter_card":"summary_large_image","twitter_misc":{"Est. reading time":"1 minute"},"schema":{"@context":"https:\/\/schema.org","@graph":[{"@type":"WebPage","@id":"https:\/\/curamus-cancer.fr\/en\/renoclip-loc-network\/","url":"https:\/\/curamus-cancer.fr\/en\/renoclip-loc-network\/","name":"RENOCLIP-LOC Network - Siric Cancer - Curamus - Site de Recherche Int\u00e9gr\u00e9e sur le Cancer","isPartOf":{"@id":"https:\/\/curamus-cancer.fr\/en\/#website"},"datePublished":"2019-09-30T16:09:32+00:00","dateModified":"2020-05-07T16:01:58+00:00","breadcrumb":{"@id":"https:\/\/curamus-cancer.fr\/en\/renoclip-loc-network\/#breadcrumb"},"inLanguage":"en-US","potentialAction":[{"@type":"ReadAction","target":["https:\/\/curamus-cancer.fr\/en\/renoclip-loc-network\/"]}]},{"@type":"BreadcrumbList","@id":"https:\/\/curamus-cancer.fr\/en\/renoclip-loc-network\/#breadcrumb","itemListElement":[{"@type":"ListItem","position":1,"name":"Accueil","item":"https:\/\/curamus-cancer.fr\/en\/"},{"@type":"ListItem","position":2,"name":"RENOCLIP-LOC Network"}]},{"@type":"WebSite","@id":"https:\/\/curamus-cancer.fr\/en\/#website","url":"https:\/\/curamus-cancer.fr\/en\/","name":"Siric Cancer - Curamus - Site de Recherche Int\u00e9gr\u00e9e sur le Cancer","description":"Nous soignons et prenons soin","publisher":{"@id":"https:\/\/curamus-cancer.fr\/en\/#organization"},"potentialAction":[{"@type":"SearchAction","target":{"@type":"EntryPoint","urlTemplate":"https:\/\/curamus-cancer.fr\/en\/?s={search_term_string}"},"query-input":{"@type":"PropertyValueSpecification","valueRequired":true,"valueName":"search_term_string"}}],"inLanguage":"en-US"},{"@type":"Organization","@id":"https:\/\/curamus-cancer.fr\/en\/#organization","name":"Siric Cancer - Curamus","url":"https:\/\/curamus-cancer.fr\/en\/","logo":{"@type":"ImageObject","inLanguage":"en-US","@id":"https:\/\/curamus-cancer.fr\/en\/#\/schema\/logo\/image\/","url":"https:\/\/curamus-cancer.fr\/wp-content\/uploads\/2019\/07\/logo.jpg","contentUrl":"https:\/\/curamus-cancer.fr\/wp-content\/uploads\/2019\/07\/logo.jpg","width":378,"height":113,"caption":"Siric Cancer - Curamus"},"image":{"@id":"https:\/\/curamus-cancer.fr\/en\/#\/schema\/logo\/image\/"},"sameAs":["https:\/\/www.facebook.com\/cancercuramus\/"]}]}},"_links":{"self":[{"href":"https:\/\/curamus-cancer.fr\/en\/wp-json\/wp\/v2\/pages\/1649","targetHints":{"allow":["GET"]}}],"collection":[{"href":"https:\/\/curamus-cancer.fr\/en\/wp-json\/wp\/v2\/pages"}],"about":[{"href":"https:\/\/curamus-cancer.fr\/en\/wp-json\/wp\/v2\/types\/page"}],"author":[{"embeddable":true,"href":"https:\/\/curamus-cancer.fr\/en\/wp-json\/wp\/v2\/users\/6"}],"replies":[{"embeddable":true,"href":"https:\/\/curamus-cancer.fr\/en\/wp-json\/wp\/v2\/comments?post=1649"}],"version-history":[{"count":0,"href":"https:\/\/curamus-cancer.fr\/en\/wp-json\/wp\/v2\/pages\/1649\/revisions"}],"wp:attachment":[{"href":"https:\/\/curamus-cancer.fr\/en\/wp-json\/wp\/v2\/media?parent=1649"}],"curies":[{"name":"wp","href":"https:\/\/api.w.org\/{rel}","templated":true}]}}