{"id":1641,"date":"2019-07-09T11:22:13","date_gmt":"2019-07-09T09:22:13","guid":{"rendered":"https:\/\/curamus-cancer.fr\/cancervih\/"},"modified":"2020-05-07T17:53:07","modified_gmt":"2020-05-07T15:53:07","slug":"cancervih-network","status":"publish","type":"page","link":"https:\/\/curamus-cancer.fr\/en\/cancervih-network\/","title":{"rendered":"CANCERVIH Network"},"content":{"rendered":"<div id=\"WRchTxtd\" class=\"txtNew\" data-packed=\"true\">\n<h1 class=\"font_2\">CANCERVIH National Expert Network for HIV-infected Cancer Patients<\/h1>\n<\/div>\n<div id=\"WRchTxt5\" class=\"txtNew\" data-packed=\"true\">\n<p>The CANCERVIH network was created in 2014. It is a recognized national medical expert network funded by the National Cancer Institute (INCa). The objective of this group is to enable better management of patients infected with HIV (Human Immunodeficiency Virus) and suffering from cancer.<\/p>\n<p>The network is made up of a national expert centre in Ile de France at La Piti\u00e9-Salp\u00eatri\u00e8re and regional expert centres throughout France.<\/p>\n<blockquote>\n<p class=\"font_7\">Its originality: bringing together regional networks for the management of two chronic conditions, cancer (regional cancer networks) and HIV (COREVIH).<\/p>\n<\/blockquote>\n<\/div>\n<p>More informations: <a href=\"https:\/\/www.cancervih.org\/\">https:\/\/www.cancervih.org\/<\/a><\/p>\n<p>&nbsp;<\/p>\n","protected":false},"excerpt":{"rendered":"<p>CANCERVIH National Expert Network for HIV-infected Cancer Patients The CANCERVIH network was created in 2014. It is a recognized national [&hellip;]<\/p>\n","protected":false},"author":1,"featured_media":0,"parent":0,"menu_order":0,"comment_status":"closed","ping_status":"closed","template":"","meta":{"_acf_changed":false,"footnotes":""},"class_list":["post-1641","page","type-page","status-publish","hentry"],"acf":[],"yoast_head":"<!-- This site is optimized with the Yoast SEO plugin v27.3 - https:\/\/yoast.com\/product\/yoast-seo-wordpress\/ -->\n<title>CANCERVIH Network - Siric Cancer - Curamus - Site de Recherche Int\u00e9gr\u00e9e sur le Cancer<\/title>\n<meta name=\"robots\" content=\"index, follow, max-snippet:-1, max-image-preview:large, max-video-preview:-1\" \/>\n<link rel=\"canonical\" href=\"https:\/\/curamus-cancer.fr\/en\/cancervih-network\/\" \/>\n<meta property=\"og:locale\" content=\"en_US\" \/>\n<meta property=\"og:type\" content=\"article\" \/>\n<meta property=\"og:title\" content=\"CANCERVIH Network - Siric Cancer - Curamus - Site de Recherche Int\u00e9gr\u00e9e sur le Cancer\" \/>\n<meta property=\"og:description\" content=\"CANCERVIH National Expert Network for HIV-infected Cancer Patients The CANCERVIH network was created in 2014. It is a recognized national [&hellip;]\" \/>\n<meta property=\"og:url\" content=\"https:\/\/curamus-cancer.fr\/en\/cancervih-network\/\" \/>\n<meta property=\"og:site_name\" content=\"Siric Cancer - Curamus - Site de Recherche Int\u00e9gr\u00e9e sur le Cancer\" \/>\n<meta property=\"article:publisher\" content=\"https:\/\/www.facebook.com\/cancercuramus\/\" \/>\n<meta property=\"article:modified_time\" content=\"2020-05-07T15:53:07+00:00\" \/>\n<meta name=\"twitter:card\" content=\"summary_large_image\" \/>\n<meta name=\"twitter:label1\" content=\"Est. reading time\" \/>\n\t<meta name=\"twitter:data1\" content=\"1 minute\" \/>\n<script type=\"application\/ld+json\" class=\"yoast-schema-graph\">{\"@context\":\"https:\\\/\\\/schema.org\",\"@graph\":[{\"@type\":\"WebPage\",\"@id\":\"https:\\\/\\\/curamus-cancer.fr\\\/en\\\/cancervih-network\\\/\",\"url\":\"https:\\\/\\\/curamus-cancer.fr\\\/en\\\/cancervih-network\\\/\",\"name\":\"CANCERVIH Network - Siric Cancer - Curamus - Site de Recherche Int\u00e9gr\u00e9e sur le Cancer\",\"isPartOf\":{\"@id\":\"https:\\\/\\\/curamus-cancer.fr\\\/en\\\/#website\"},\"datePublished\":\"2019-07-09T09:22:13+00:00\",\"dateModified\":\"2020-05-07T15:53:07+00:00\",\"breadcrumb\":{\"@id\":\"https:\\\/\\\/curamus-cancer.fr\\\/en\\\/cancervih-network\\\/#breadcrumb\"},\"inLanguage\":\"en-US\",\"potentialAction\":[{\"@type\":\"ReadAction\",\"target\":[\"https:\\\/\\\/curamus-cancer.fr\\\/en\\\/cancervih-network\\\/\"]}]},{\"@type\":\"BreadcrumbList\",\"@id\":\"https:\\\/\\\/curamus-cancer.fr\\\/en\\\/cancervih-network\\\/#breadcrumb\",\"itemListElement\":[{\"@type\":\"ListItem\",\"position\":1,\"name\":\"Accueil\",\"item\":\"https:\\\/\\\/curamus-cancer.fr\\\/en\\\/\"},{\"@type\":\"ListItem\",\"position\":2,\"name\":\"CANCERVIH Network\"}]},{\"@type\":\"WebSite\",\"@id\":\"https:\\\/\\\/curamus-cancer.fr\\\/en\\\/#website\",\"url\":\"https:\\\/\\\/curamus-cancer.fr\\\/en\\\/\",\"name\":\"Siric Cancer - Curamus - Site de Recherche Int\u00e9gr\u00e9e sur le Cancer\",\"description\":\"Nous soignons et prenons soin\",\"publisher\":{\"@id\":\"https:\\\/\\\/curamus-cancer.fr\\\/en\\\/#organization\"},\"potentialAction\":[{\"@type\":\"SearchAction\",\"target\":{\"@type\":\"EntryPoint\",\"urlTemplate\":\"https:\\\/\\\/curamus-cancer.fr\\\/en\\\/?s={search_term_string}\"},\"query-input\":{\"@type\":\"PropertyValueSpecification\",\"valueRequired\":true,\"valueName\":\"search_term_string\"}}],\"inLanguage\":\"en-US\"},{\"@type\":\"Organization\",\"@id\":\"https:\\\/\\\/curamus-cancer.fr\\\/en\\\/#organization\",\"name\":\"Siric Cancer - Curamus\",\"url\":\"https:\\\/\\\/curamus-cancer.fr\\\/en\\\/\",\"logo\":{\"@type\":\"ImageObject\",\"inLanguage\":\"en-US\",\"@id\":\"https:\\\/\\\/curamus-cancer.fr\\\/en\\\/#\\\/schema\\\/logo\\\/image\\\/\",\"url\":\"https:\\\/\\\/curamus-cancer.fr\\\/wp-content\\\/uploads\\\/2019\\\/07\\\/logo.jpg\",\"contentUrl\":\"https:\\\/\\\/curamus-cancer.fr\\\/wp-content\\\/uploads\\\/2019\\\/07\\\/logo.jpg\",\"width\":378,\"height\":113,\"caption\":\"Siric Cancer - Curamus\"},\"image\":{\"@id\":\"https:\\\/\\\/curamus-cancer.fr\\\/en\\\/#\\\/schema\\\/logo\\\/image\\\/\"},\"sameAs\":[\"https:\\\/\\\/www.facebook.com\\\/cancercuramus\\\/\"]}]}<\/script>\n<!-- \/ Yoast SEO plugin. -->","yoast_head_json":{"title":"CANCERVIH Network - Siric Cancer - Curamus - Site de Recherche Int\u00e9gr\u00e9e sur le Cancer","robots":{"index":"index","follow":"follow","max-snippet":"max-snippet:-1","max-image-preview":"max-image-preview:large","max-video-preview":"max-video-preview:-1"},"canonical":"https:\/\/curamus-cancer.fr\/en\/cancervih-network\/","og_locale":"en_US","og_type":"article","og_title":"CANCERVIH Network - Siric Cancer - Curamus - Site de Recherche Int\u00e9gr\u00e9e sur le Cancer","og_description":"CANCERVIH National Expert Network for HIV-infected Cancer Patients The CANCERVIH network was created in 2014. It is a recognized national [&hellip;]","og_url":"https:\/\/curamus-cancer.fr\/en\/cancervih-network\/","og_site_name":"Siric Cancer - Curamus - Site de Recherche Int\u00e9gr\u00e9e sur le Cancer","article_publisher":"https:\/\/www.facebook.com\/cancercuramus\/","article_modified_time":"2020-05-07T15:53:07+00:00","twitter_card":"summary_large_image","twitter_misc":{"Est. reading time":"1 minute"},"schema":{"@context":"https:\/\/schema.org","@graph":[{"@type":"WebPage","@id":"https:\/\/curamus-cancer.fr\/en\/cancervih-network\/","url":"https:\/\/curamus-cancer.fr\/en\/cancervih-network\/","name":"CANCERVIH Network - Siric Cancer - Curamus - Site de Recherche Int\u00e9gr\u00e9e sur le Cancer","isPartOf":{"@id":"https:\/\/curamus-cancer.fr\/en\/#website"},"datePublished":"2019-07-09T09:22:13+00:00","dateModified":"2020-05-07T15:53:07+00:00","breadcrumb":{"@id":"https:\/\/curamus-cancer.fr\/en\/cancervih-network\/#breadcrumb"},"inLanguage":"en-US","potentialAction":[{"@type":"ReadAction","target":["https:\/\/curamus-cancer.fr\/en\/cancervih-network\/"]}]},{"@type":"BreadcrumbList","@id":"https:\/\/curamus-cancer.fr\/en\/cancervih-network\/#breadcrumb","itemListElement":[{"@type":"ListItem","position":1,"name":"Accueil","item":"https:\/\/curamus-cancer.fr\/en\/"},{"@type":"ListItem","position":2,"name":"CANCERVIH Network"}]},{"@type":"WebSite","@id":"https:\/\/curamus-cancer.fr\/en\/#website","url":"https:\/\/curamus-cancer.fr\/en\/","name":"Siric Cancer - Curamus - Site de Recherche Int\u00e9gr\u00e9e sur le Cancer","description":"Nous soignons et prenons soin","publisher":{"@id":"https:\/\/curamus-cancer.fr\/en\/#organization"},"potentialAction":[{"@type":"SearchAction","target":{"@type":"EntryPoint","urlTemplate":"https:\/\/curamus-cancer.fr\/en\/?s={search_term_string}"},"query-input":{"@type":"PropertyValueSpecification","valueRequired":true,"valueName":"search_term_string"}}],"inLanguage":"en-US"},{"@type":"Organization","@id":"https:\/\/curamus-cancer.fr\/en\/#organization","name":"Siric Cancer - Curamus","url":"https:\/\/curamus-cancer.fr\/en\/","logo":{"@type":"ImageObject","inLanguage":"en-US","@id":"https:\/\/curamus-cancer.fr\/en\/#\/schema\/logo\/image\/","url":"https:\/\/curamus-cancer.fr\/wp-content\/uploads\/2019\/07\/logo.jpg","contentUrl":"https:\/\/curamus-cancer.fr\/wp-content\/uploads\/2019\/07\/logo.jpg","width":378,"height":113,"caption":"Siric Cancer - Curamus"},"image":{"@id":"https:\/\/curamus-cancer.fr\/en\/#\/schema\/logo\/image\/"},"sameAs":["https:\/\/www.facebook.com\/cancercuramus\/"]}]}},"_links":{"self":[{"href":"https:\/\/curamus-cancer.fr\/en\/wp-json\/wp\/v2\/pages\/1641","targetHints":{"allow":["GET"]}}],"collection":[{"href":"https:\/\/curamus-cancer.fr\/en\/wp-json\/wp\/v2\/pages"}],"about":[{"href":"https:\/\/curamus-cancer.fr\/en\/wp-json\/wp\/v2\/types\/page"}],"author":[{"embeddable":true,"href":"https:\/\/curamus-cancer.fr\/en\/wp-json\/wp\/v2\/users\/1"}],"replies":[{"embeddable":true,"href":"https:\/\/curamus-cancer.fr\/en\/wp-json\/wp\/v2\/comments?post=1641"}],"version-history":[{"count":0,"href":"https:\/\/curamus-cancer.fr\/en\/wp-json\/wp\/v2\/pages\/1641\/revisions"}],"wp:attachment":[{"href":"https:\/\/curamus-cancer.fr\/en\/wp-json\/wp\/v2\/media?parent=1641"}],"curies":[{"name":"wp","href":"https:\/\/api.w.org\/{rel}","templated":true}]}}