{"id":1570,"date":"2019-07-09T11:19:51","date_gmt":"2019-07-09T09:19:51","guid":{"rendered":"https:\/\/curamus-cancer.fr\/les-ressources-et-installations-partagees\/"},"modified":"2020-05-07T16:19:28","modified_gmt":"2020-05-07T14:19:28","slug":"shared-resources-and-facilities","status":"publish","type":"page","link":"https:\/\/curamus-cancer.fr\/en\/shared-resources-and-facilities\/","title":{"rendered":"Shared resources and facilities"},"content":{"rendered":"<h1>Resources and facilities shared by SiRIC<\/h1>\n<ul>\n<li><strong>SiRIC research programs<\/strong> benefit from broad access to outstanding high-tech platforms with the most advanced equipment and highly qualified professionals operating in four areas:Clinical research platforms, centralized at the Saint Antoine Hospital and the Piti\u00e9 Salp\u00eatri\u00e8re Hospital: with the Clinical Research Units (CRU), Clinical Investigation Centres (CIC) located in the hospitals and CLIP\u00b2 Galil\u00e9e for early phase trials, the Host and Tumour Imaging Research Platforms (LIB) and the Nuclear Medicine Departments of the Piti\u00e9 Salp\u00eatri\u00e8re and Tenon Hospitals.<\/li>\n<li><strong>The translational and biological research platforms<\/strong>, located in the four hospitals Piti\u00e9 Salp\u00eatri\u00e8re, Saint Antoine, Tenon and Trousseau but interacting strongly with each other: with the departments of pathology, the Biological Resource Centres (BRC) for biological resources, the departments of oncogenetics and hematology, the departments and units of immunology and virology.<\/li>\n<li><strong>Basic and translational research platforms<\/strong>, mostly located in medical faculties, university buildings and campuses with, among others, small animal models and imaging facilities, Omics networks, including the &#8220;Omics Network&#8221; and several bioinformatics units at Sorbonne University, LUMIC platform for cell imaging and cytometry, platform for drug evaluation and chemistry.<\/li>\n<li><strong>University research centres involved in cancer research:<\/strong> Brain and Spinal Cord Institute (ICM), Centre for Immunology and Infectious Diseases (CIMI-Paris), Pierre Louis Institute of Epidemiology and Public Health (IPLESP), Saint Antoine Research Centre (CDRSA), Medical Informatics and Knowledge Engineering Laboratory in e-Health (LIMICS) and part of the Cordeliers research centre.<\/li>\n<\/ul>\n<p>&nbsp;<\/p>\n<h1>Clinical Research Platforms<\/h1>\n<p><img decoding=\"async\" class=\"alignright wp-image-725 size-medium lazyload\" data-src=\"https:\/\/curamus-cancer.fr\/wp-content\/uploads\/2019\/09\/shutterstock_14713039-300x219.jpg\" alt=\"\" width=\"300\" height=\"219\" src=\"data:image\/svg+xml;base64,PHN2ZyB3aWR0aD0iMSIgaGVpZ2h0PSIxIiB4bWxucz0iaHR0cDovL3d3dy53My5vcmcvMjAwMC9zdmciPjwvc3ZnPg==\" style=\"--smush-placeholder-width: 300px; --smush-placeholder-aspect-ratio: 300\/219;\" \/><\/p>\n<ul>\n<li><strong>2 Clinical Research Units (CRU)<\/strong> one at the Piti\u00e9 Salp\u00eatri\u00e8re University Hospital, directed by Prof. F Tubach, and one at the Saint Antoine University Hospital, directed by Prof. T Simon.<\/li>\n<li><strong>2 Clinical Investigation Centres (CIC)<\/strong> one at the Piti\u00e9 Salp\u00eatri\u00e8re University Hospital, directed by Prof. Christian Funck-Brentano and one at the Saint Antoine University Hospital, directed by Prof. T Simon.<\/li>\n<li><a href=\"https:\/\/www.clip2galilee.com\/\"><strong>CLIP\u00b2 Galil\u00e9e<\/strong><\/a> is a centre labelled by the INCa for early phase studies (phases I and II) of clinical trials, directed by Pr Jean-Philippe Spano.<\/li>\n<li><strong>2 AP-HP.Sorbonne University Pharmacies<\/strong>, one at the Piti\u00e9 Salp\u00eatri\u00e8re University Hospital, directed by Pr P Tilleul, and one at the Saint Antoine University Hospital, directed by Pr C Fernandez.<\/li>\n<li><a href=\"https:\/\/www.lib.upmc.fr\/\"><strong>Biomedical Imaging Laboratory (LIB)<\/strong><\/a><\/li>\n<li><strong>Departments and Laboratory of Nuclear Medicine<\/strong> of AP-HP.Sorbonne University<\/li>\n<li><strong>Departments of Radiotherapy<\/strong> at AP-HP.Sorbonne University<\/li>\n<li><a href=\"http:\/\/pgrc.upmc.fr\/\"><strong>Hospital-University Platform for Risk Management in Cancerology<\/strong><\/a><\/li>\n<\/ul>\n<p>&nbsp;<\/p>\n<h1>Pathological and Biological Translational Research Platforms<\/h1>\n<ul>\n<li><img decoding=\"async\" class=\"alignright wp-image-726 size-medium lazyload\" data-src=\"https:\/\/curamus-cancer.fr\/wp-content\/uploads\/2019\/09\/shutterstock_1112522627-300x200.jpg\" alt=\"\" width=\"300\" height=\"200\" src=\"data:image\/svg+xml;base64,PHN2ZyB3aWR0aD0iMSIgaGVpZ2h0PSIxIiB4bWxucz0iaHR0cDovL3d3dy53My5vcmcvMjAwMC9zdmciPjwvc3ZnPg==\" style=\"--smush-placeholder-width: 300px; --smush-placeholder-aspect-ratio: 300\/200;\" \/><strong>5 Pathological Platform<\/strong>s within AP-HP.Sorbonne University<\/li>\n<li><strong>2 Biological Resource Centres (BRC)<\/strong> AP-HP.Sorbonne University<\/li>\n<li><strong>3 Molecular Biology and Oncogenetics Units<\/strong> AP-HP.Sorbonne University<\/li>\n<li><strong>3 Haematology Laboratory Platforms<\/strong> AP-HP.Sorbonne University<\/li>\n<li><strong>Department of Immunology<\/strong> AP-HP.Sorbonne University<\/li>\n<li><strong>Laboratory of Virology<\/strong> AP-HP.Sorbonne University<\/li>\n<\/ul>\n<p>&nbsp;<\/p>\n<h1>Fundamental and Translational Research Platforms<\/h1>\n<p><img decoding=\"async\" class=\"alignright wp-image-732 size-medium lazyload\" data-src=\"https:\/\/curamus-cancer.fr\/wp-content\/uploads\/2019\/09\/ordi-300x225.jpg\" alt=\"\" width=\"300\" height=\"225\" data-srcset=\"https:\/\/curamus-cancer.fr\/wp-content\/uploads\/2019\/09\/ordi-300x225.jpg 300w, https:\/\/curamus-cancer.fr\/wp-content\/uploads\/2019\/09\/ordi.jpg 466w\" data-sizes=\"(max-width: 300px) 100vw, 300px\" src=\"data:image\/svg+xml;base64,PHN2ZyB3aWR0aD0iMSIgaGVpZ2h0PSIxIiB4bWxucz0iaHR0cDovL3d3dy53My5vcmcvMjAwMC9zdmciPjwvc3ZnPg==\" style=\"--smush-placeholder-width: 300px; --smush-placeholder-aspect-ratio: 300\/225;\" \/><\/p>\n<ul>\n<li><a href=\"https:\/\/curamus-cancer.fr\/centre-de-bioanalyse-curamus\/\">Centre for Bioanalyse CURAMUS<\/a><\/li>\n<li><a href=\"https:\/\/www.google.com\/maps\/d\/viewer?mid=1GDC5rNpJgtxi2XctWtq39w4iKn4&amp;ll=48.84977357931479%2C2.3726532626037624&amp;z=13\">R\u00e9seau Omique<\/a><\/li>\n<li><a href=\"https:\/\/www.artbio.fr\/\">ARTbio<\/a><\/li>\n<li><a href=\"http:\/\/www.lcqb.upmc.fr\/\">Laboratory of Computational and Quantitative Biology (LCQB<\/a><a href=\"http:\/\/www.lcqb.upmc.fr\/\">)<\/a><\/li>\n<li><a href=\"https:\/\/www.lip6.fr\/\">Laboratoire de Recherche en informatique (LIP6)<\/a><\/li>\n<li><a href=\"https:\/\/www.iplesp.upmc.fr\/\">Institut Pierre-Louis d\u2019Epid\u00e9miologie et de Sant\u00e9 Publique (IPLESP)<\/a><\/li>\n<li><a href=\"https:\/\/www.ljll.math.upmc.fr\/\">Laboratoire Jacques-Louis Lions (LJLL) <\/a>MAMBA team Tumor modelling<\/li>\n<li><a href=\"http:\/\/www.lps.ens.fr\/\">Laboratoire de Physique Statistique (LPS)<\/a><\/li>\n<li><a href=\"http:\/\/www.reseau-lumic.org\/\">Unit\u00e9 Mixte Imagerie et Cytom\u00e9trie (LUMIC)<\/a><\/li>\n<li>Ph\u00e9notypage pr\u00e9clinique : <a href=\"https:\/\/icm-institute.org\/en\/preclinical-functional-exploration-platform-phenoparc\/\">PHENOPARC ICM<\/a>, LIMP: Lab. of Molecular Positronic Imaging UMS 28, <a href=\"https:\/\/www.crsa.fr\/plateforme-d-hebergement-experimentation-animale-phea.html\">Plateforme d&#8217;h\u00e9bergement et d&#8217;exp\u00e9rimentation animale (PHEA) du CRSA<\/a><\/li>\n<\/ul>\n<p>&nbsp;<\/p>\n<h1>Drug Discovery Platforms<\/h1>\n<p><img decoding=\"async\" class=\"alignright size-medium wp-image-745 lazyload\" data-src=\"https:\/\/curamus-cancer.fr\/wp-content\/uploads\/2019\/09\/shutterstock_1066228688-petite-300x200.jpg\" alt=\"\" width=\"300\" height=\"200\" data-srcset=\"https:\/\/curamus-cancer.fr\/wp-content\/uploads\/2019\/09\/shutterstock_1066228688-petite-300x200.jpg 300w, https:\/\/curamus-cancer.fr\/wp-content\/uploads\/2019\/09\/shutterstock_1066228688-petite-768x513.jpg 768w, https:\/\/curamus-cancer.fr\/wp-content\/uploads\/2019\/09\/shutterstock_1066228688-petite-1024x684.jpg 1024w, https:\/\/curamus-cancer.fr\/wp-content\/uploads\/2019\/09\/shutterstock_1066228688-petite.jpg 1200w\" data-sizes=\"(max-width: 300px) 100vw, 300px\" src=\"data:image\/svg+xml;base64,PHN2ZyB3aWR0aD0iMSIgaGVpZ2h0PSIxIiB4bWxucz0iaHR0cDovL3d3dy53My5vcmcvMjAwMC9zdmciPjwvc3ZnPg==\" style=\"--smush-placeholder-width: 300px; --smush-placeholder-aspect-ratio: 300\/200;\" \/><\/p>\n<ul>\n<li><a href=\"http:\/\/www.ipcm.fr\/\">Laboratoire de Chimie des M\u00e9dicaments (IPCM)<\/a><\/li>\n<li><a href=\"https:\/\/www.crsa.fr\/equipe-annette-k-larsen.html\">Laboratoire Biologie et th\u00e9rapeutiques du cancer (CRSA)<\/a><\/li>\n<li><a href=\"https:\/\/www.iplesp.upmc.fr\/fr\/team\/3\">\u00c9quipe Strat\u00e9gies th\u00e9rapeutiques contre l&#8217;infection VIH et les maladies virales associ\u00e9es (IPLESP)<\/a><\/li>\n<li><a href=\"http:\/\/www.sb-roscoff.fr\/fr\/station-biologique-de-roscoff\/la-station\/organisation\">CNRS \/ Sorbonne Universit\u00e9 Station Biologique de ROSCOFF<\/a><\/li>\n<li><a href=\"http:\/\/www.ibps.upmc.fr\/fr\/Recherche\/umr-8246\">Le laboratoire Neuroscience Paris Seine-IBPS<\/a><\/li>\n<\/ul>\n<p>&nbsp;<\/p>\n<p>&nbsp;<\/p>\n<h1>University Research Centres<\/h1>\n<p><img decoding=\"async\" class=\"alignright size-medium wp-image-735 lazyload\" data-src=\"https:\/\/curamus-cancer.fr\/wp-content\/uploads\/2019\/09\/immeuble-300x175.jpg\" alt=\"\" width=\"300\" height=\"175\" data-srcset=\"https:\/\/curamus-cancer.fr\/wp-content\/uploads\/2019\/09\/immeuble-300x175.jpg 300w, https:\/\/curamus-cancer.fr\/wp-content\/uploads\/2019\/09\/immeuble-768x447.jpg 768w, https:\/\/curamus-cancer.fr\/wp-content\/uploads\/2019\/09\/immeuble-1024x596.jpg 1024w, https:\/\/curamus-cancer.fr\/wp-content\/uploads\/2019\/09\/immeuble.jpg 1103w\" data-sizes=\"(max-width: 300px) 100vw, 300px\" src=\"data:image\/svg+xml;base64,PHN2ZyB3aWR0aD0iMSIgaGVpZ2h0PSIxIiB4bWxucz0iaHR0cDovL3d3dy53My5vcmcvMjAwMC9zdmciPjwvc3ZnPg==\" style=\"--smush-placeholder-width: 300px; --smush-placeholder-aspect-ratio: 300\/175;\" \/><\/p>\n<ul>\n<li><a href=\"https:\/\/icm-institute.org\/en\/preclinical-functional-exploration-platform-phenoparc\/\">Institut du Cerveau et de la Moelle \u00e9pini\u00e8re (ICM)<\/a><\/li>\n<li><a href=\"http:\/\/www.cimi-paris.upmc.fr\/fr\/index.html\">Centre d&#8217;Immunologie et des Maladies Infectieuses (CIMI-Paris)<\/a><\/li>\n<li><a href=\"http:\/\/www.crc.jussieu.fr\/\">Centre de Recherche des Cordeliers<\/a><\/li>\n<li><a href=\"https:\/\/www.crsa.fr\/\">Centre de Recherche Saint-Antoine (CRSA)<\/a><\/li>\n<li><a href=\"http:\/\/www.limics.fr\/\">Laboratoire d&#8217;Informatique M\u00e9dicale et d&#8217;Ing\u00e9nierie des Connaissances en e-Sant\u00e9 (LIMICS)<\/a><\/li>\n<li><a href=\"https:\/\/www.iplesp.upmc.fr\/\">Institut Pierre Louis d&#8217;Epid\u00e9miologie et de Sant\u00e9 Publique (IPLESP)<\/a><\/li>\n<\/ul>\n","protected":false},"excerpt":{"rendered":"<p>Resources and facilities shared by SiRIC SiRIC research programs benefit from broad access to outstanding high-tech platforms with the most [&hellip;]<\/p>\n","protected":false},"author":1,"featured_media":0,"parent":0,"menu_order":0,"comment_status":"closed","ping_status":"closed","template":"","meta":{"_acf_changed":false,"footnotes":""},"class_list":["post-1570","page","type-page","status-publish","hentry"],"acf":[],"yoast_head":"<!-- This site is optimized with the Yoast SEO plugin v27.4 - https:\/\/yoast.com\/product\/yoast-seo-wordpress\/ -->\n<title>Shared resources and facilities - Siric Cancer - Curamus - Site de Recherche Int\u00e9gr\u00e9e sur le Cancer<\/title>\n<meta name=\"robots\" content=\"index, follow, max-snippet:-1, max-image-preview:large, max-video-preview:-1\" \/>\n<link rel=\"canonical\" href=\"https:\/\/curamus-cancer.fr\/en\/shared-resources-and-facilities\/\" \/>\n<meta property=\"og:locale\" content=\"en_US\" \/>\n<meta property=\"og:type\" content=\"article\" \/>\n<meta property=\"og:title\" content=\"Shared resources and facilities - Siric Cancer - Curamus - Site de Recherche Int\u00e9gr\u00e9e sur le Cancer\" \/>\n<meta property=\"og:description\" content=\"Resources and facilities shared by SiRIC SiRIC research programs benefit from broad access to outstanding high-tech platforms with the most [&hellip;]\" \/>\n<meta property=\"og:url\" content=\"https:\/\/curamus-cancer.fr\/en\/shared-resources-and-facilities\/\" \/>\n<meta property=\"og:site_name\" content=\"Siric Cancer - Curamus - Site de Recherche Int\u00e9gr\u00e9e sur le Cancer\" \/>\n<meta property=\"article:publisher\" content=\"https:\/\/www.facebook.com\/cancercuramus\/\" \/>\n<meta property=\"article:modified_time\" content=\"2020-05-07T14:19:28+00:00\" \/>\n<meta property=\"og:image\" content=\"https:\/\/curamus-cancer.fr\/wp-content\/uploads\/2019\/09\/shutterstock_14713039-300x219.jpg\" \/>\n<meta name=\"twitter:card\" content=\"summary_large_image\" \/>\n<meta name=\"twitter:label1\" content=\"Est. reading time\" \/>\n\t<meta name=\"twitter:data1\" content=\"3 minutes\" \/>\n<script type=\"application\/ld+json\" class=\"yoast-schema-graph\">{\"@context\":\"https:\\\/\\\/schema.org\",\"@graph\":[{\"@type\":\"WebPage\",\"@id\":\"https:\\\/\\\/curamus-cancer.fr\\\/en\\\/shared-resources-and-facilities\\\/\",\"url\":\"https:\\\/\\\/curamus-cancer.fr\\\/en\\\/shared-resources-and-facilities\\\/\",\"name\":\"Shared resources and facilities - Siric Cancer - Curamus - Site de Recherche Int\u00e9gr\u00e9e sur le Cancer\",\"isPartOf\":{\"@id\":\"https:\\\/\\\/curamus-cancer.fr\\\/en\\\/#website\"},\"primaryImageOfPage\":{\"@id\":\"https:\\\/\\\/curamus-cancer.fr\\\/en\\\/shared-resources-and-facilities\\\/#primaryimage\"},\"image\":{\"@id\":\"https:\\\/\\\/curamus-cancer.fr\\\/en\\\/shared-resources-and-facilities\\\/#primaryimage\"},\"thumbnailUrl\":\"https:\\\/\\\/curamus-cancer.fr\\\/wp-content\\\/uploads\\\/2019\\\/09\\\/shutterstock_14713039-300x219.jpg\",\"datePublished\":\"2019-07-09T09:19:51+00:00\",\"dateModified\":\"2020-05-07T14:19:28+00:00\",\"breadcrumb\":{\"@id\":\"https:\\\/\\\/curamus-cancer.fr\\\/en\\\/shared-resources-and-facilities\\\/#breadcrumb\"},\"inLanguage\":\"en-US\",\"potentialAction\":[{\"@type\":\"ReadAction\",\"target\":[\"https:\\\/\\\/curamus-cancer.fr\\\/en\\\/shared-resources-and-facilities\\\/\"]}]},{\"@type\":\"ImageObject\",\"inLanguage\":\"en-US\",\"@id\":\"https:\\\/\\\/curamus-cancer.fr\\\/en\\\/shared-resources-and-facilities\\\/#primaryimage\",\"url\":\"https:\\\/\\\/curamus-cancer.fr\\\/wp-content\\\/uploads\\\/2019\\\/09\\\/shutterstock_14713039-300x219.jpg\",\"contentUrl\":\"https:\\\/\\\/curamus-cancer.fr\\\/wp-content\\\/uploads\\\/2019\\\/09\\\/shutterstock_14713039-300x219.jpg\"},{\"@type\":\"BreadcrumbList\",\"@id\":\"https:\\\/\\\/curamus-cancer.fr\\\/en\\\/shared-resources-and-facilities\\\/#breadcrumb\",\"itemListElement\":[{\"@type\":\"ListItem\",\"position\":1,\"name\":\"Accueil\",\"item\":\"https:\\\/\\\/curamus-cancer.fr\\\/en\\\/\"},{\"@type\":\"ListItem\",\"position\":2,\"name\":\"Shared resources and facilities\"}]},{\"@type\":\"WebSite\",\"@id\":\"https:\\\/\\\/curamus-cancer.fr\\\/en\\\/#website\",\"url\":\"https:\\\/\\\/curamus-cancer.fr\\\/en\\\/\",\"name\":\"Siric Cancer - Curamus - Site de Recherche Int\u00e9gr\u00e9e sur le Cancer\",\"description\":\"Nous soignons et prenons soin\",\"publisher\":{\"@id\":\"https:\\\/\\\/curamus-cancer.fr\\\/en\\\/#organization\"},\"potentialAction\":[{\"@type\":\"SearchAction\",\"target\":{\"@type\":\"EntryPoint\",\"urlTemplate\":\"https:\\\/\\\/curamus-cancer.fr\\\/en\\\/?s={search_term_string}\"},\"query-input\":{\"@type\":\"PropertyValueSpecification\",\"valueRequired\":true,\"valueName\":\"search_term_string\"}}],\"inLanguage\":\"en-US\"},{\"@type\":\"Organization\",\"@id\":\"https:\\\/\\\/curamus-cancer.fr\\\/en\\\/#organization\",\"name\":\"Siric Cancer - Curamus\",\"url\":\"https:\\\/\\\/curamus-cancer.fr\\\/en\\\/\",\"logo\":{\"@type\":\"ImageObject\",\"inLanguage\":\"en-US\",\"@id\":\"https:\\\/\\\/curamus-cancer.fr\\\/en\\\/#\\\/schema\\\/logo\\\/image\\\/\",\"url\":\"https:\\\/\\\/curamus-cancer.fr\\\/wp-content\\\/uploads\\\/2019\\\/07\\\/logo.jpg\",\"contentUrl\":\"https:\\\/\\\/curamus-cancer.fr\\\/wp-content\\\/uploads\\\/2019\\\/07\\\/logo.jpg\",\"width\":378,\"height\":113,\"caption\":\"Siric Cancer - Curamus\"},\"image\":{\"@id\":\"https:\\\/\\\/curamus-cancer.fr\\\/en\\\/#\\\/schema\\\/logo\\\/image\\\/\"},\"sameAs\":[\"https:\\\/\\\/www.facebook.com\\\/cancercuramus\\\/\"]}]}<\/script>\n<!-- \/ Yoast SEO plugin. -->","yoast_head_json":{"title":"Shared resources and facilities - Siric Cancer - Curamus - Site de Recherche Int\u00e9gr\u00e9e sur le Cancer","robots":{"index":"index","follow":"follow","max-snippet":"max-snippet:-1","max-image-preview":"max-image-preview:large","max-video-preview":"max-video-preview:-1"},"canonical":"https:\/\/curamus-cancer.fr\/en\/shared-resources-and-facilities\/","og_locale":"en_US","og_type":"article","og_title":"Shared resources and facilities - Siric Cancer - Curamus - Site de Recherche Int\u00e9gr\u00e9e sur le Cancer","og_description":"Resources and facilities shared by SiRIC SiRIC research programs benefit from broad access to outstanding high-tech platforms with the most [&hellip;]","og_url":"https:\/\/curamus-cancer.fr\/en\/shared-resources-and-facilities\/","og_site_name":"Siric Cancer - Curamus - Site de Recherche Int\u00e9gr\u00e9e sur le Cancer","article_publisher":"https:\/\/www.facebook.com\/cancercuramus\/","article_modified_time":"2020-05-07T14:19:28+00:00","og_image":[{"url":"https:\/\/curamus-cancer.fr\/wp-content\/uploads\/2019\/09\/shutterstock_14713039-300x219.jpg","type":"","width":"","height":""}],"twitter_card":"summary_large_image","twitter_misc":{"Est. reading time":"3 minutes"},"schema":{"@context":"https:\/\/schema.org","@graph":[{"@type":"WebPage","@id":"https:\/\/curamus-cancer.fr\/en\/shared-resources-and-facilities\/","url":"https:\/\/curamus-cancer.fr\/en\/shared-resources-and-facilities\/","name":"Shared resources and facilities - Siric Cancer - Curamus - Site de Recherche Int\u00e9gr\u00e9e sur le Cancer","isPartOf":{"@id":"https:\/\/curamus-cancer.fr\/en\/#website"},"primaryImageOfPage":{"@id":"https:\/\/curamus-cancer.fr\/en\/shared-resources-and-facilities\/#primaryimage"},"image":{"@id":"https:\/\/curamus-cancer.fr\/en\/shared-resources-and-facilities\/#primaryimage"},"thumbnailUrl":"https:\/\/curamus-cancer.fr\/wp-content\/uploads\/2019\/09\/shutterstock_14713039-300x219.jpg","datePublished":"2019-07-09T09:19:51+00:00","dateModified":"2020-05-07T14:19:28+00:00","breadcrumb":{"@id":"https:\/\/curamus-cancer.fr\/en\/shared-resources-and-facilities\/#breadcrumb"},"inLanguage":"en-US","potentialAction":[{"@type":"ReadAction","target":["https:\/\/curamus-cancer.fr\/en\/shared-resources-and-facilities\/"]}]},{"@type":"ImageObject","inLanguage":"en-US","@id":"https:\/\/curamus-cancer.fr\/en\/shared-resources-and-facilities\/#primaryimage","url":"https:\/\/curamus-cancer.fr\/wp-content\/uploads\/2019\/09\/shutterstock_14713039-300x219.jpg","contentUrl":"https:\/\/curamus-cancer.fr\/wp-content\/uploads\/2019\/09\/shutterstock_14713039-300x219.jpg"},{"@type":"BreadcrumbList","@id":"https:\/\/curamus-cancer.fr\/en\/shared-resources-and-facilities\/#breadcrumb","itemListElement":[{"@type":"ListItem","position":1,"name":"Accueil","item":"https:\/\/curamus-cancer.fr\/en\/"},{"@type":"ListItem","position":2,"name":"Shared resources and facilities"}]},{"@type":"WebSite","@id":"https:\/\/curamus-cancer.fr\/en\/#website","url":"https:\/\/curamus-cancer.fr\/en\/","name":"Siric Cancer - Curamus - Site de Recherche Int\u00e9gr\u00e9e sur le Cancer","description":"Nous soignons et prenons soin","publisher":{"@id":"https:\/\/curamus-cancer.fr\/en\/#organization"},"potentialAction":[{"@type":"SearchAction","target":{"@type":"EntryPoint","urlTemplate":"https:\/\/curamus-cancer.fr\/en\/?s={search_term_string}"},"query-input":{"@type":"PropertyValueSpecification","valueRequired":true,"valueName":"search_term_string"}}],"inLanguage":"en-US"},{"@type":"Organization","@id":"https:\/\/curamus-cancer.fr\/en\/#organization","name":"Siric Cancer - Curamus","url":"https:\/\/curamus-cancer.fr\/en\/","logo":{"@type":"ImageObject","inLanguage":"en-US","@id":"https:\/\/curamus-cancer.fr\/en\/#\/schema\/logo\/image\/","url":"https:\/\/curamus-cancer.fr\/wp-content\/uploads\/2019\/07\/logo.jpg","contentUrl":"https:\/\/curamus-cancer.fr\/wp-content\/uploads\/2019\/07\/logo.jpg","width":378,"height":113,"caption":"Siric Cancer - Curamus"},"image":{"@id":"https:\/\/curamus-cancer.fr\/en\/#\/schema\/logo\/image\/"},"sameAs":["https:\/\/www.facebook.com\/cancercuramus\/"]}]}},"_links":{"self":[{"href":"https:\/\/curamus-cancer.fr\/en\/wp-json\/wp\/v2\/pages\/1570","targetHints":{"allow":["GET"]}}],"collection":[{"href":"https:\/\/curamus-cancer.fr\/en\/wp-json\/wp\/v2\/pages"}],"about":[{"href":"https:\/\/curamus-cancer.fr\/en\/wp-json\/wp\/v2\/types\/page"}],"author":[{"embeddable":true,"href":"https:\/\/curamus-cancer.fr\/en\/wp-json\/wp\/v2\/users\/1"}],"replies":[{"embeddable":true,"href":"https:\/\/curamus-cancer.fr\/en\/wp-json\/wp\/v2\/comments?post=1570"}],"version-history":[{"count":0,"href":"https:\/\/curamus-cancer.fr\/en\/wp-json\/wp\/v2\/pages\/1570\/revisions"}],"wp:attachment":[{"href":"https:\/\/curamus-cancer.fr\/en\/wp-json\/wp\/v2\/media?parent=1570"}],"curies":[{"name":"wp","href":"https:\/\/api.w.org\/{rel}","templated":true}]}}